{"id":223,"date":"2023-04-08T18:05:25","date_gmt":"2023-04-08T18:05:25","guid":{"rendered":"https:\/\/foxkaiutin.fi\/?page_id=223"},"modified":"2023-05-12T11:20:15","modified_gmt":"2023-05-12T08:20:15","slug":"suunnittelutietoja","status":"publish","type":"page","link":"https:\/\/foxkaiutin.fi\/?page_id=223","title":{"rendered":"Suunnittelutietoja"},"content":{"rendered":"\n<div class=\"wp-block-media-text alignwide is-stacked-on-mobile\" style=\"grid-template-columns:34% auto\"><figure class=\"wp-block-media-text__media\"><img loading=\"lazy\" decoding=\"async\" width=\"534\" height=\"301\" src=\"https:\/\/foxkaiutin.fi\/wp-content\/uploads\/2023\/04\/Kuva38.jpg\" alt=\"\" class=\"wp-image-224 size-full\" srcset=\"https:\/\/foxkaiutin.fi\/wp-content\/uploads\/2023\/04\/Kuva38.jpg 534w, https:\/\/foxkaiutin.fi\/wp-content\/uploads\/2023\/04\/Kuva38-300x169.jpg 300w\" sizes=\"auto, (max-width: 534px) 100vw, 534px\" \/><\/figure><div class=\"wp-block-media-text__content\">\n<p><\/p>\n\n\n\n<h3 class=\"wp-block-heading\"><strong>Kaikki kaiuttimet mitataan ammattilaistasoisella audiomittauslaitteistolla: Audio Precision -audioanalysaattori, Bruel&amp;Kjaer -mikrofoni ja -vahvistin.<\/strong><\/h3>\n<\/div><\/div>\n\n\n\n<p> <\/p>\n\n\n\n<h2 class=\"wp-block-heading has-text-align-center\"><strong>Kaiutinsuunnittelun periaatteita<\/strong><\/h2>\n\n\n\n<hr class=\"wp-block-separator has-alpha-channel-opacity\"\/>\n\n\n\n<p class=\"has-normal-font-size\" style=\"font-style:normal;font-weight:500\"><strong>Hyvi\u00e4 mutta edullisia kaiuttimia voidaan valmistaa huolellisella komponenttivalinnalla, asiantuntevalla suunnittelulla ja tehokkaalla valmistustekniikalla.<\/strong><\/p>\n\n\n\n<p class=\"has-normal-font-size\" style=\"font-style:normal;font-weight:500\"><strong>Suunnittelijalla on pitk\u00e4 kokemus nuoruusvuosilta l\u00e4htien kaiuttimien suunnittelusta ja rakentamisesta.&nbsp;Se oli aluksi harrastuksena, ja muuttui sitten ty\u00f6uraksi \u00e4\u00e4nimittauksien ammattilaisena ja kaiuttimien suunnittelijana ja rakentajana.<\/strong><\/p>\n\n\n\n<p class=\"has-normal-font-size\" style=\"font-style:normal;font-weight:500\"><strong>Periaatteena on suunnitella hyvi\u00e4 ja sisustukseen sopivia mutta edullisia kaiuttimia tavallisille k\u00e4ytt\u00e4jille.&nbsp;Kaiuttimet toimivat ilman monimutkaista asettelua tai s\u00e4\u00e4t\u00e4mist\u00e4, mutta tarvittaessa voi lis\u00e4t\u00e4 ulkoisia korjaimia.&nbsp;Joitain perusasioita on hyv\u00e4 tiet\u00e4\u00e4 kaiuttimien sijoittelusta ja huoneen vaikutuksesta, siihen&nbsp;annetaan opastusta tarvittaessa.&nbsp;<\/strong><\/p>\n\n\n\n<p class=\"has-normal-font-size\" style=\"font-style:normal;font-weight:500\"><strong>Suuremmissa kaiutinmalleissa basso\u00e4\u00e4net toistetaan kaiuttimen sis\u00e4isell\u00e4 bassokaiuttimella (subwoofer), pienempikokoisissa pilarikaiuttimissa, p\u00f6yt\u00e4kaiuttimissa ja design-kaiuttimissa erillisell\u00e4 subwooferilla.&nbsp;Useimmissa malleissa bassokaiutin on umpikotelossa, jolla saadaan tarkka ja pehme\u00e4 basso\u00e4\u00e4ni pieness\u00e4kin kotelossa.&nbsp;Monet muuntyyliset tai pienikokoiset bassokaiuttimet antavat heikon, jumputtavan tai kumisevan \u00e4\u00e4nen.<\/strong><\/p>\n\n\n\n<p class=\"has-normal-font-size\" style=\"font-style:normal;font-weight:500\"><strong>Pienehk\u00f6 subwoofer-kaiutin riitt\u00e4\u00e4 normaaliin kuunteluun musiikille ja elokuville tavallisessa&nbsp;huoneessa, varsinkin kerrostalossa.&nbsp;Suurempia bassovoimakkuuksia varten mallistossa on&nbsp;isompia ja tehokkaampia subwoofereita.<\/strong><\/p>\n\n\n\n<p class=\"has-normal-font-size\" style=\"font-style:normal;font-weight:500\"><strong>Keski\u00e4\u00e4net toistetaan laajakaistakaiuttimella, jolloin kuulolle herk\u00e4ll\u00e4 keski\u00e4\u00e4nialueella ei ole jakosuotimia aiheuttamassa v\u00e4\u00e4ristymi\u00e4 \u00e4\u00e4neen.&nbsp;Jakosuotimet tehd\u00e4\u00e4n mahdollisimman v\u00e4hill\u00e4 komponenteilla, jolloin v\u00e4ltet\u00e4\u00e4n vaihev\u00e4\u00e4ristymi\u00e4.&nbsp;Diskanttikaiutin toistaa vain kaikista ylimm\u00e4t \u00e4\u00e4net.<\/strong><\/p>\n\n\n\n<p class=\"has-normal-font-size\" style=\"font-style:normal;font-weight:500\"><strong>Kaiuttimissa k\u00e4ytett\u00e4v\u00e4t vahvistimet ovat digitaalisia D-luokan vahvistimia.&nbsp;Ne ovat pienikokoisia, kevyit\u00e4, pienih\u00e4vi\u00f6isi\u00e4, eiv\u00e4tk\u00e4 l\u00e4mpene.<\/strong><\/p>\n\n\n\n<p class=\"has-normal-font-size\" style=\"font-style:normal;font-weight:500\"><strong>Suorakulmion muotoiset kaiutinkotelot tehd\u00e4\u00e4n puulevyst\u00e4 tai vanerista.&nbsp;Muitakin kotelomuotoja on mallistossa, Design-kaiuttimia, kuten pallokaiuttimet.&nbsp;Ne tehd\u00e4\u00e4n puusta, tai muusta riitt\u00e4v\u00e4n j\u00e4yk\u00e4st\u00e4 materiaalista.&nbsp;Suurempitehoiset bassokaiuttimet tehd\u00e4\u00e4n paksusta puulevyst\u00e4 tai vanerista, sis\u00e4ll\u00e4 riitt\u00e4v\u00e4sti tukirimoja, jolloin lujuutta tulee lis\u00e4\u00e4.<\/strong><\/p>\n\n\n\n<p class=\"has-normal-font-size\" style=\"font-style:normal;font-weight:500\"><strong>Bassokitaran soittaminen harrastuksena erilaisissa b\u00e4ndeiss\u00e4 on innostanut suunnittelemaan ja rakentamaan monenlaisia bassokaappeja b\u00e4ndik\u00e4ytt\u00f6\u00f6n.<\/strong><\/p>\n\n\n\n<p class=\"has-normal-font-size\" style=\"font-style:normal;font-weight:500\"><strong>Uusimpina malleina ovat dipolikaiuttimet, niiss\u00e4 ei ole koteloa vaan pelkk\u00e4 etulevy ja kapeat sivutuet takana.&nbsp;Dipolikaiuttimien \u00e4\u00e4ni on avara ja dynaaminen, se kuulostaa erinomaiselta verrattuna vastaavantasoisen kotelokaiuttimen \u00e4\u00e4neen.&nbsp;Dipolikaiuttimet suuntaavat \u00e4\u00e4net kuuntelupaikalle, sivusuuntiin \u00e4\u00e4net vaimenevat, joten huoneresonanssit ovat paljon pienemm\u00e4t kuin kotelokaiuttimilla.&nbsp;<\/strong><\/p>\n\n\n\n<p class=\"has-normal-font-size\" style=\"font-style:normal;font-weight:500\"><strong>Dipolikaiuttimia on muutama erilainen malli, ja niit\u00e4 tehd\u00e4\u00e4n tilausten mukaan muunlaisia.&nbsp;Erikoisimpana ovat dipolisubbarit, er\u00e4\u00e4nlainen rakosubbari, jossa on 2 tai useampia subwoofer-elementtej\u00e4 vastakkain kapeassa raossa.&nbsp;Sopivasti viritt\u00e4m\u00e4ll\u00e4 t\u00e4ll\u00e4 rakenteella saadaan bassotoisto ulottumaan matalammalle.&nbsp;&nbsp;<\/strong><\/p>\n\n\n\n<p class=\"has-normal-font-size\" style=\"font-style:normal;font-weight:500\"><strong>Copyright&nbsp;Foxkaiutin 2023<\/strong><\/p>\n","protected":false},"excerpt":{"rendered":"<p>Kaikki kaiuttimet mitataan ammattilaistasoisella audiomittauslaitteistolla: Audio Precision -audioanalysaattori, Bruel&amp;Kjaer -mikrofoni ja -vahvistin. Kaiutinsuunnittelun periaatteita Hyvi\u00e4 mutta edullisia kaiuttimia voidaan valmistaa huolellisella komponenttivalinnalla, asiantuntevalla suunnittelulla ja tehokkaalla valmistustekniikalla. Suunnittelijalla on pitk\u00e4 kokemus nuoruusvuosilta l\u00e4htien kaiuttimien suunnittelusta ja rakentamisesta.&nbsp;Se oli aluksi harrastuksena, ja muuttui sitten ty\u00f6uraksi \u00e4\u00e4nimittauksien ammattilaisena ja kaiuttimien suunnittelijana ja rakentajana. Periaatteena on suunnitella hyvi\u00e4 [&hellip;]<\/p>\n","protected":false},"author":1,"featured_media":0,"parent":0,"menu_order":0,"comment_status":"closed","ping_status":"closed","template":"","meta":{"footnotes":""},"class_list":["post-223","page","type-page","status-publish","hentry"],"_links":{"self":[{"href":"https:\/\/foxkaiutin.fi\/index.php?rest_route=\/wp\/v2\/pages\/223","targetHints":{"allow":["GET"]}}],"collection":[{"href":"https:\/\/foxkaiutin.fi\/index.php?rest_route=\/wp\/v2\/pages"}],"about":[{"href":"https:\/\/foxkaiutin.fi\/index.php?rest_route=\/wp\/v2\/types\/page"}],"author":[{"embeddable":true,"href":"https:\/\/foxkaiutin.fi\/index.php?rest_route=\/wp\/v2\/users\/1"}],"replies":[{"embeddable":true,"href":"https:\/\/foxkaiutin.fi\/index.php?rest_route=%2Fwp%2Fv2%2Fcomments&post=223"}],"version-history":[{"count":7,"href":"https:\/\/foxkaiutin.fi\/index.php?rest_route=\/wp\/v2\/pages\/223\/revisions"}],"predecessor-version":[{"id":341,"href":"https:\/\/foxkaiutin.fi\/index.php?rest_route=\/wp\/v2\/pages\/223\/revisions\/341"}],"wp:attachment":[{"href":"https:\/\/foxkaiutin.fi\/index.php?rest_route=%2Fwp%2Fv2%2Fmedia&parent=223"}],"curies":[{"name":"wp","href":"https:\/\/api.w.org\/{rel}","templated":true}]}}